{"id":48,"date":"2023-10-12T16:21:52","date_gmt":"2023-10-12T14:21:52","guid":{"rendered":"http:\/\/www.bsv-schloss-neuhaus.de\/sp\/?page_id=48"},"modified":"2024-05-22T17:16:48","modified_gmt":"2024-05-22T15:16:48","slug":"links","status":"publish","type":"page","link":"http:\/\/www.bsv-schloss-neuhaus.de\/sp\/links\/","title":{"rendered":"Links"},"content":{"rendered":"\t\t<div data-elementor-type=\"wp-page\" data-elementor-id=\"48\" class=\"elementor elementor-48\">\n\t\t\t\t<div class=\"elementor-element elementor-element-6ac8a9e9 e-flex e-con-boxed e-con e-parent\" data-id=\"6ac8a9e9\" data-element_type=\"container\" data-settings=\"{&quot;background_background&quot;:&quot;classic&quot;}\">\n\t\t\t\t\t<div class=\"e-con-inner\">\n\t\t\t\t\t<\/div>\n\t\t\t\t<\/div>\n\t\t<div class=\"elementor-element elementor-element-495a2d4d e-flex e-con-boxed e-con e-parent\" data-id=\"495a2d4d\" data-element_type=\"container\">\n\t\t\t\t\t<div class=\"e-con-inner\">\n\t\t\t\t<div class=\"elementor-element elementor-element-4a97807a elementor-widget elementor-widget-heading\" data-id=\"4a97807a\" data-element_type=\"widget\" data-widget_type=\"heading.default\">\n\t\t\t\t<div class=\"elementor-widget-container\">\n\t\t\t\t\t<h2 class=\"elementor-heading-title elementor-size-default\">Links<\/h2>\t\t\t\t<\/div>\n\t\t\t\t<\/div>\n\t\t\t\t<div class=\"elementor-element elementor-element-7d26622c elementor-widget elementor-widget-text-editor\" data-id=\"7d26622c\" data-element_type=\"widget\" data-widget_type=\"text-editor.default\">\n\t\t\t\t<div class=\"elementor-widget-container\">\n\t\t\t\t\t\t\t\t\t<p><a href=\"http:\/\/www.bsv-sn.de\" target=\"_blank\" rel=\"noopener\">\u2022 B\u00fcrgersch\u00fctzenverein Schlo\u00df Neuhaus 1913 e.V.<\/a> <br \/><br \/><a href=\"http:\/\/www.marktkompanie.de\" target=\"_blank\" rel=\"noopener\">\u2022 Marktkompanie<\/a><br \/><br \/><a href=\"http:\/\/www.hatzfelder-kompanie.de\" target=\"_blank\" rel=\"noopener\">\u2022 Hatzfelderkompanie<\/a><br \/><br \/><a href=\"http:\/\/www.residenzkompanie.de\" target=\"_blank\" rel=\"noopener\">\u2022 Residenzkompanie<\/a><br \/><br \/><a href=\"http:\/\/www.schlosskompanie.de\" target=\"_blank\" rel=\"noopener\">\u2022 Schlosskompanie<\/a><br \/><br \/><a href=\"http:\/\/www.tambourkorps-schloss-neuhaus.de\" target=\"_blank\" rel=\"noopener\">\u2022 Tambourkorps<\/a><br \/><br \/><a href=\"http:\/\/www.bund-bruderschaften.de\" target=\"_blank\" rel=\"noopener\">\u2022 Bund der Historischen Deutschen Sch\u00fctzenbruderschaften<\/a><br \/><br \/><a href=\"http:\/\/www.wsb-home.de\" target=\"_blank\" rel=\"noopener\">\u2022 Westf\u00e4lischer Sch\u00fctzenbund<\/a><br \/><br \/><a href=\"http:\/\/www.wsb-paderborn.de\" target=\"_blank\" rel=\"noopener\">\u2022 WSB Paderborn<\/a><br \/><br \/><a href=\"http:\/\/www.schuetzenbund.de\" target=\"_blank\" rel=\"noopener\">\u2022 Deutscher Sch\u00fctzenbund<\/a><\/p>\t\t\t\t\t\t\t\t<\/div>\n\t\t\t\t<\/div>\n\t\t\t\t\t<\/div>\n\t\t\t\t<\/div>\n\t\t<div class=\"elementor-element elementor-element-6fa7c2b e-flex e-con-boxed e-con e-parent\" data-id=\"6fa7c2b\" data-element_type=\"container\" data-settings=\"{&quot;background_background&quot;:&quot;classic&quot;}\">\n\t\t\t\t\t<div class=\"e-con-inner\">\n\t\t<div class=\"elementor-element elementor-element-49bb7991 e-flex e-con-boxed e-con e-child\" data-id=\"49bb7991\" data-element_type=\"container\">\n\t\t\t\t\t<div class=\"e-con-inner\">\n\t\t\t\t<div class=\"elementor-element elementor-element-558766c9 elementor-widget elementor-widget-text-editor\" data-id=\"558766c9\" data-element_type=\"widget\" data-widget_type=\"text-editor.default\">\n\t\t\t\t<div class=\"elementor-widget-container\">\n\t\t\t\t\t\t\t\t\t<p><em><strong>Copyright \u00a9 2023<\/strong> &#8211;<\/em><br \/><em>Schie\u00dfsportabteilung &#8211; BSV Schlo\u00df Neuhaus 1913 e.V.<\/em><\/p>\t\t\t\t\t\t\t\t<\/div>\n\t\t\t\t<\/div>\n\t\t\t\t\t<\/div>\n\t\t\t\t<\/div>\n\t\t<div class=\"elementor-element elementor-element-7a177a57 e-flex e-con-boxed e-con e-child\" data-id=\"7a177a57\" data-element_type=\"container\">\n\t\t\t\t\t<div class=\"e-con-inner\">\n\t\t\t\t<div class=\"elementor-element elementor-element-117004c elementor-widget elementor-widget-wp-widget-ocean_social\" data-id=\"117004c\" data-element_type=\"widget\" data-widget_type=\"wp-widget-ocean_social.default\">\n\t\t\t\t<div class=\"elementor-widget-container\">\n\t\t\t\t\t\r\n\t\t\t\t<ul class=\"oceanwp-social-icons no-transition style-light\">\r\n\t\t\t\t\t<li class=\"oceanwp-instagram\"><a href=\"https:\/\/www.instagram.com\/schiesssport_schloss_neuhaus\/\" aria-label=\"Instagram\"  target=\"_blank\" rel=\"noopener noreferrer\"><i class=\" fab fa-instagram\" aria-hidden=\"true\" role=\"img\"><\/i><\/a><span class=\"screen-reader-text\">Opens in a new tab<\/span><\/li>\t\t\t\t<\/ul>\r\n\r\n\t\t\t\t\r\n\t\t\t\r\n\t\t\r\n\t\t\t\t\t\t\t<\/div>\n\t\t\t\t<\/div>\n\t\t\t\t<div class=\"elementor-element elementor-element-f5ee461 elementor-widget elementor-widget-wp-widget-ocean_social\" data-id=\"f5ee461\" data-element_type=\"widget\" data-widget_type=\"wp-widget-ocean_social.default\">\n\t\t\t\t<div class=\"elementor-widget-container\">\n\t\t\t\t\t\r\n\t\t\t\t<ul class=\"oceanwp-social-icons no-transition style-light\">\r\n\t\t\t\t\t<li class=\"oceanwp-facebook\"><a href=\"https:\/\/www.facebook.com\/profile.php?id=100070910481454\" aria-label=\"Facebook\"  target=\"_blank\" rel=\"noopener noreferrer\"><i class=\" fab fa-facebook\" aria-hidden=\"true\" role=\"img\"><\/i><\/a><span class=\"screen-reader-text\">Opens in a new tab<\/span><\/li>\t\t\t\t<\/ul>\r\n\r\n\t\t\t\t\r\n\t\t\t\r\n\t\t\r\n\t\t\t\t\t\t\t<\/div>\n\t\t\t\t<\/div>\n\t\t\t\t<div class=\"elementor-element elementor-element-605dd02e elementor-widget elementor-widget-button\" data-id=\"605dd02e\" data-element_type=\"widget\" data-widget_type=\"button.default\">\n\t\t\t\t<div class=\"elementor-widget-container\">\n\t\t\t\t\t\t\t\t\t<div class=\"elementor-button-wrapper\">\n\t\t\t\t\t<a class=\"elementor-button elementor-button-link elementor-size-xs\" href=\"http:\/\/www.bsv-schloss-neuhaus.de\/sp\/impressum\/\">\n\t\t\t\t\t\t<span class=\"elementor-button-content-wrapper\">\n\t\t\t\t\t\t\t\t\t<span class=\"elementor-button-text\">Impressum<\/span>\n\t\t\t\t\t<\/span>\n\t\t\t\t\t<\/a>\n\t\t\t\t<\/div>\n\t\t\t\t\t\t\t\t<\/div>\n\t\t\t\t<\/div>\n\t\t\t\t<div class=\"elementor-element elementor-element-54a13669 elementor-widget elementor-widget-button\" data-id=\"54a13669\" data-element_type=\"widget\" data-widget_type=\"button.default\">\n\t\t\t\t<div class=\"elementor-widget-container\">\n\t\t\t\t\t\t\t\t\t<div class=\"elementor-button-wrapper\">\n\t\t\t\t\t<a class=\"elementor-button elementor-button-link elementor-size-xs\" href=\"http:\/\/www.bsv-schloss-neuhaus.de\/sp\/datenschutzerklaerung\/\">\n\t\t\t\t\t\t<span class=\"elementor-button-content-wrapper\">\n\t\t\t\t\t\t\t\t\t<span class=\"elementor-button-text\">Datenschutz<\/span>\n\t\t\t\t\t<\/span>\n\t\t\t\t\t<\/a>\n\t\t\t\t<\/div>\n\t\t\t\t\t\t\t\t<\/div>\n\t\t\t\t<\/div>\n\t\t\t\t<div class=\"elementor-element elementor-element-5913b91e elementor-widget elementor-widget-button\" data-id=\"5913b91e\" data-element_type=\"widget\" data-widget_type=\"button.default\">\n\t\t\t\t<div class=\"elementor-widget-container\">\n\t\t\t\t\t\t\t\t\t<div class=\"elementor-button-wrapper\">\n\t\t\t\t\t<a class=\"elementor-button elementor-button-link elementor-size-xs\" href=\"http:\/\/www.bsv-schloss-neuhaus.de\/sp\/links\/\">\n\t\t\t\t\t\t<span class=\"elementor-button-content-wrapper\">\n\t\t\t\t\t\t\t\t\t<span class=\"elementor-button-text\">Links<\/span>\n\t\t\t\t\t<\/span>\n\t\t\t\t\t<\/a>\n\t\t\t\t<\/div>\n\t\t\t\t\t\t\t\t<\/div>\n\t\t\t\t<\/div>\n\t\t\t\t\t<\/div>\n\t\t\t\t<\/div>\n\t\t\t\t\t<\/div>\n\t\t\t\t<\/div>\n\t\t\t\t<\/div>\n\t\t","protected":false},"excerpt":{"rendered":"<p>Links \u2022 B\u00fcrgersch\u00fctzenverein Schlo\u00df Neuhaus 1913 e.V. \u2022 Marktkompanie \u2022 Hatzfelderkompanie \u2022 Residenzkompanie \u2022 Schlosskompanie \u2022 Tambourkorps \u2022 Bund der Historischen Deutschen Sch\u00fctzenbruderschaften \u2022 Westf\u00e4lischer Sch\u00fctzenbund \u2022 WSB Paderborn \u2022 Deutscher Sch\u00fctzenbund Copyright \u00a9 2023 &#8211;Schie\u00dfsportabteilung &#8211; BSV Schlo\u00df Neuhaus 1913 e.V. Impressum Datenschutz Links<\/p>\n","protected":false},"author":1,"featured_media":0,"parent":0,"menu_order":0,"comment_status":"closed","ping_status":"closed","template":"","meta":{"ocean_post_layout":"full-screen","ocean_both_sidebars_style":"","ocean_both_sidebars_content_width":0,"ocean_both_sidebars_sidebars_width":0,"ocean_sidebar":"","ocean_second_sidebar":"","ocean_disable_margins":"enable","ocean_add_body_class":"","ocean_shortcode_before_top_bar":"","ocean_shortcode_after_top_bar":"","ocean_shortcode_before_header":"","ocean_shortcode_after_header":"","ocean_has_shortcode":"","ocean_shortcode_after_title":"","ocean_shortcode_before_footer_widgets":"","ocean_shortcode_after_footer_widgets":"","ocean_shortcode_before_footer_bottom":"","ocean_shortcode_after_footer_bottom":"","ocean_display_top_bar":"off","ocean_display_header":"default","ocean_header_style":"","ocean_center_header_left_menu":"","ocean_custom_header_template":"","ocean_custom_logo":0,"ocean_custom_retina_logo":0,"ocean_custom_logo_max_width":0,"ocean_custom_logo_tablet_max_width":0,"ocean_custom_logo_mobile_max_width":0,"ocean_custom_logo_max_height":0,"ocean_custom_logo_tablet_max_height":0,"ocean_custom_logo_mobile_max_height":0,"ocean_header_custom_menu":"","ocean_menu_typo_font_family":"","ocean_menu_typo_font_subset":"","ocean_menu_typo_font_size":0,"ocean_menu_typo_font_size_tablet":0,"ocean_menu_typo_font_size_mobile":0,"ocean_menu_typo_font_size_unit":"px","ocean_menu_typo_font_weight":"","ocean_menu_typo_font_weight_tablet":"","ocean_menu_typo_font_weight_mobile":"","ocean_menu_typo_transform":"","ocean_menu_typo_transform_tablet":"","ocean_menu_typo_transform_mobile":"","ocean_menu_typo_line_height":0,"ocean_menu_typo_line_height_tablet":0,"ocean_menu_typo_line_height_mobile":0,"ocean_menu_typo_line_height_unit":"","ocean_menu_typo_spacing":0,"ocean_menu_typo_spacing_tablet":0,"ocean_menu_typo_spacing_mobile":0,"ocean_menu_typo_spacing_unit":"","ocean_menu_link_color":"","ocean_menu_link_color_hover":"","ocean_menu_link_color_active":"","ocean_menu_link_background":"","ocean_menu_link_hover_background":"","ocean_menu_link_active_background":"","ocean_menu_social_links_bg":"","ocean_menu_social_hover_links_bg":"","ocean_menu_social_links_color":"","ocean_menu_social_hover_links_color":"","ocean_disable_title":"on","ocean_disable_heading":"default","ocean_post_title":"","ocean_post_subheading":"","ocean_post_title_style":"","ocean_post_title_background_color":"","ocean_post_title_background":0,"ocean_post_title_bg_image_position":"","ocean_post_title_bg_image_attachment":"","ocean_post_title_bg_image_repeat":"","ocean_post_title_bg_image_size":"","ocean_post_title_height":0,"ocean_post_title_bg_overlay":0.5,"ocean_post_title_bg_overlay_color":"","ocean_disable_breadcrumbs":"default","ocean_breadcrumbs_color":"","ocean_breadcrumbs_separator_color":"","ocean_breadcrumbs_links_color":"","ocean_breadcrumbs_links_hover_color":"","ocean_display_footer_widgets":"off","ocean_display_footer_bottom":"off","ocean_custom_footer_template":"","two_page_speed":[],"footnotes":""},"class_list":["post-48","page","type-page","status-publish","hentry","entry"],"_links":{"self":[{"href":"http:\/\/www.bsv-schloss-neuhaus.de\/sp\/wp-json\/wp\/v2\/pages\/48","targetHints":{"allow":["GET"]}}],"collection":[{"href":"http:\/\/www.bsv-schloss-neuhaus.de\/sp\/wp-json\/wp\/v2\/pages"}],"about":[{"href":"http:\/\/www.bsv-schloss-neuhaus.de\/sp\/wp-json\/wp\/v2\/types\/page"}],"author":[{"embeddable":true,"href":"http:\/\/www.bsv-schloss-neuhaus.de\/sp\/wp-json\/wp\/v2\/users\/1"}],"replies":[{"embeddable":true,"href":"http:\/\/www.bsv-schloss-neuhaus.de\/sp\/wp-json\/wp\/v2\/comments?post=48"}],"version-history":[{"count":13,"href":"http:\/\/www.bsv-schloss-neuhaus.de\/sp\/wp-json\/wp\/v2\/pages\/48\/revisions"}],"predecessor-version":[{"id":705,"href":"http:\/\/www.bsv-schloss-neuhaus.de\/sp\/wp-json\/wp\/v2\/pages\/48\/revisions\/705"}],"wp:attachment":[{"href":"http:\/\/www.bsv-schloss-neuhaus.de\/sp\/wp-json\/wp\/v2\/media?parent=48"}],"curies":[{"name":"wp","href":"https:\/\/api.w.org\/{rel}","templated":true}]}}