{"id":133,"date":"2023-10-12T17:34:34","date_gmt":"2023-10-12T15:34:34","guid":{"rendered":"http:\/\/www.bsv-schloss-neuhaus.de\/sp\/?page_id=133"},"modified":"2025-11-09T11:33:53","modified_gmt":"2025-11-09T10:33:53","slug":"kalender","status":"publish","type":"page","link":"http:\/\/www.bsv-schloss-neuhaus.de\/sp\/kalender\/","title":{"rendered":"Kalender"},"content":{"rendered":"\t\t<div data-elementor-type=\"wp-page\" data-elementor-id=\"133\" class=\"elementor elementor-133\">\n\t\t\t\t<div class=\"elementor-element elementor-element-4d7c40e8 e-flex e-con-boxed e-con e-parent\" data-id=\"4d7c40e8\" data-element_type=\"container\" data-settings=\"{&quot;background_background&quot;:&quot;classic&quot;}\">\n\t\t\t\t\t<div class=\"e-con-inner\">\n\t\t\t\t\t<\/div>\n\t\t\t\t<\/div>\n\t\t<div class=\"elementor-element elementor-element-13c46301 elementor-hidden-mobile e-flex e-con-boxed e-con e-parent\" data-id=\"13c46301\" data-element_type=\"container\">\n\t\t\t\t\t<div class=\"e-con-inner\">\n\t\t\t\t<div class=\"elementor-element elementor-element-6437344c elementor-widget elementor-widget-heading\" data-id=\"6437344c\" data-element_type=\"widget\" data-widget_type=\"heading.default\">\n\t\t\t\t<div class=\"elementor-widget-container\">\n\t\t\t\t\t<h2 class=\"elementor-heading-title elementor-size-default\">Kalender<\/h2>\t\t\t\t<\/div>\n\t\t\t\t<\/div>\n\t\t\t\t<div class=\"elementor-element elementor-element-fdecce7 elementor-widget elementor-widget-shortcode\" data-id=\"fdecce7\" data-element_type=\"widget\" data-widget_type=\"shortcode.default\">\n\t\t\t\t<div class=\"elementor-widget-container\">\n\t\t\t\t\t\t\t<div class=\"elementor-shortcode\"><iframe height=\"600px\" width=\"70%\" src=\"https:\/\/kalender.digital\/6902a59cb1e83f3d8a00?wp_iframe=true\" style=\"border:0\"><\/iframe> <\/div>\n\t\t\t\t\t\t<\/div>\n\t\t\t\t<\/div>\n\t\t\t\t<div class=\"elementor-element elementor-element-2429626 elementor-widget elementor-widget-text-editor\" data-id=\"2429626\" data-element_type=\"widget\" data-widget_type=\"text-editor.default\">\n\t\t\t\t<div class=\"elementor-widget-container\">\n\t\t\t\t\t\t\t\t\t<p><strong>Schie\u00dfkeller reservieren \/ buchen?<\/strong><\/p><p>R\u00e4umlichkeiten buchen? &#8230; Kein Problem. <a href=\"http:\/\/www.bsv-schloss-neuhaus.de\/sp\/kontakt\/\" data-wplink-url-error=\"true\">Schreiben Sie uns an.<\/a> <br \/>Wir pr\u00fcfen, ob der Termin nicht mehrfach angefragt wurde und melden uns schnellstm\u00f6glich bei Ihnen zur\u00fcck.<\/p>\t\t\t\t\t\t\t\t<\/div>\n\t\t\t\t<\/div>\n\t\t\t\t\t<\/div>\n\t\t\t\t<\/div>\n\t\t<div class=\"elementor-element elementor-element-61c2d41 e-con-full elementor-hidden-desktop elementor-hidden-tablet e-flex e-con e-parent\" data-id=\"61c2d41\" data-element_type=\"container\">\n\t\t\t\t<div class=\"elementor-element elementor-element-8f96e07 elementor-widget elementor-widget-heading\" data-id=\"8f96e07\" data-element_type=\"widget\" data-widget_type=\"heading.default\">\n\t\t\t\t<div class=\"elementor-widget-container\">\n\t\t\t\t\t<h2 class=\"elementor-heading-title elementor-size-default\">Kalender<\/h2>\t\t\t\t<\/div>\n\t\t\t\t<\/div>\n\t\t\t\t<div class=\"elementor-element elementor-element-42a3ed4 elementor-widget elementor-widget-shortcode\" data-id=\"42a3ed4\" data-element_type=\"widget\" data-widget_type=\"shortcode.default\">\n\t\t\t\t<div class=\"elementor-widget-container\">\n\t\t\t\t\t\t\t<div class=\"elementor-shortcode\"><iframe height=\"600px\" width=\"70%\" src=\"https:\/\/kalender.digital\/6902a59cb1e83f3d8a00?wp_iframe=true\" style=\"border:0\"><\/iframe> <\/div>\n\t\t\t\t\t\t<\/div>\n\t\t\t\t<\/div>\n\t\t\t\t<div class=\"elementor-element elementor-element-ed5ea30 elementor-widget elementor-widget-text-editor\" data-id=\"ed5ea30\" data-element_type=\"widget\" data-widget_type=\"text-editor.default\">\n\t\t\t\t<div class=\"elementor-widget-container\">\n\t\t\t\t\t\t\t\t\t<p><strong>Schie\u00dfkeller reservieren \/ buchen?<\/strong><\/p><p>R\u00e4umlichkeiten buchen? &#8230; Kein Problem. <a href=\"http:\/\/www.bsv-schloss-neuhaus.de\/sp\/kontakt\/\" data-wplink-url-error=\"true\">Schreiben Sie uns an.<\/a> <br \/>Wir pr\u00fcfen, ob der Termin nicht mehrfach angefragt wurde und melden uns schnellstm\u00f6glich bei Ihnen zur\u00fcck.<\/p>\t\t\t\t\t\t\t\t<\/div>\n\t\t\t\t<\/div>\n\t\t\t\t<\/div>\n\t\t<div class=\"elementor-element elementor-element-1b5e8faf e-flex e-con-boxed e-con e-parent\" data-id=\"1b5e8faf\" data-element_type=\"container\" data-settings=\"{&quot;background_background&quot;:&quot;classic&quot;}\">\n\t\t\t\t\t<div class=\"e-con-inner\">\n\t\t<div class=\"elementor-element elementor-element-18af30b8 e-flex e-con-boxed e-con e-child\" data-id=\"18af30b8\" data-element_type=\"container\">\n\t\t\t\t\t<div class=\"e-con-inner\">\n\t\t\t\t<div class=\"elementor-element elementor-element-5ed8e99f elementor-widget elementor-widget-text-editor\" data-id=\"5ed8e99f\" data-element_type=\"widget\" data-widget_type=\"text-editor.default\">\n\t\t\t\t<div class=\"elementor-widget-container\">\n\t\t\t\t\t\t\t\t\t<p><em><strong>Copyright \u00a9 2025<\/strong> &#8211;<\/em><br \/><em>Schie\u00dfsportabteilung &#8211; BSV Schlo\u00df Neuhaus 1913 e.V.<\/em><\/p>\t\t\t\t\t\t\t\t<\/div>\n\t\t\t\t<\/div>\n\t\t\t\t\t<\/div>\n\t\t\t\t<\/div>\n\t\t<div class=\"elementor-element elementor-element-6dc34ab7 e-flex e-con-boxed e-con e-child\" data-id=\"6dc34ab7\" data-element_type=\"container\">\n\t\t\t\t\t<div class=\"e-con-inner\">\n\t\t\t\t<div class=\"elementor-element elementor-element-0161c77 elementor-widget elementor-widget-wp-widget-ocean_social\" data-id=\"0161c77\" data-element_type=\"widget\" data-widget_type=\"wp-widget-ocean_social.default\">\n\t\t\t\t<div class=\"elementor-widget-container\">\n\t\t\t\t\t\r\n\t\t\t\t<ul class=\"oceanwp-social-icons no-transition style-light\">\r\n\t\t\t\t\t<li class=\"oceanwp-instagram\"><a href=\"https:\/\/www.instagram.com\/schiesssport_schloss_neuhaus\/\" aria-label=\"Instagram\"  target=\"_blank\" rel=\"noopener noreferrer\"><i class=\" fab fa-instagram\" aria-hidden=\"true\" role=\"img\"><\/i><\/a><span class=\"screen-reader-text\">Opens in a new tab<\/span><\/li>\t\t\t\t<\/ul>\r\n\r\n\t\t\t\t\r\n\t\t\t\r\n\t\t\r\n\t\t\t\t\t\t\t<\/div>\n\t\t\t\t<\/div>\n\t\t\t\t<div class=\"elementor-element elementor-element-3b0d623 elementor-widget elementor-widget-wp-widget-ocean_social\" data-id=\"3b0d623\" data-element_type=\"widget\" data-widget_type=\"wp-widget-ocean_social.default\">\n\t\t\t\t<div class=\"elementor-widget-container\">\n\t\t\t\t\t\r\n\t\t\t\t<ul class=\"oceanwp-social-icons no-transition style-light\">\r\n\t\t\t\t\t<li class=\"oceanwp-facebook\"><a href=\"https:\/\/www.facebook.com\/profile.php?id=100070910481454\" aria-label=\"Facebook\"  target=\"_blank\" rel=\"noopener noreferrer\"><i class=\" fab fa-facebook\" aria-hidden=\"true\" role=\"img\"><\/i><\/a><span class=\"screen-reader-text\">Opens in a new tab<\/span><\/li>\t\t\t\t<\/ul>\r\n\r\n\t\t\t\t\r\n\t\t\t\r\n\t\t\r\n\t\t\t\t\t\t\t<\/div>\n\t\t\t\t<\/div>\n\t\t\t\t<div class=\"elementor-element elementor-element-2819ec6e elementor-widget elementor-widget-button\" data-id=\"2819ec6e\" data-element_type=\"widget\" data-widget_type=\"button.default\">\n\t\t\t\t<div class=\"elementor-widget-container\">\n\t\t\t\t\t\t\t\t\t<div class=\"elementor-button-wrapper\">\n\t\t\t\t\t<a class=\"elementor-button elementor-button-link elementor-size-xs\" href=\"http:\/\/www.bsv-schloss-neuhaus.de\/sp\/impressum\/\">\n\t\t\t\t\t\t<span class=\"elementor-button-content-wrapper\">\n\t\t\t\t\t\t\t\t\t<span class=\"elementor-button-text\">Impressum<\/span>\n\t\t\t\t\t<\/span>\n\t\t\t\t\t<\/a>\n\t\t\t\t<\/div>\n\t\t\t\t\t\t\t\t<\/div>\n\t\t\t\t<\/div>\n\t\t\t\t<div class=\"elementor-element elementor-element-34ddfd8e elementor-widget elementor-widget-button\" data-id=\"34ddfd8e\" data-element_type=\"widget\" data-widget_type=\"button.default\">\n\t\t\t\t<div class=\"elementor-widget-container\">\n\t\t\t\t\t\t\t\t\t<div class=\"elementor-button-wrapper\">\n\t\t\t\t\t<a class=\"elementor-button elementor-button-link elementor-size-xs\" href=\"http:\/\/www.bsv-schloss-neuhaus.de\/sp\/datenschutzerklaerung\/\">\n\t\t\t\t\t\t<span class=\"elementor-button-content-wrapper\">\n\t\t\t\t\t\t\t\t\t<span class=\"elementor-button-text\">Datenschutz<\/span>\n\t\t\t\t\t<\/span>\n\t\t\t\t\t<\/a>\n\t\t\t\t<\/div>\n\t\t\t\t\t\t\t\t<\/div>\n\t\t\t\t<\/div>\n\t\t\t\t<div class=\"elementor-element elementor-element-201176f1 elementor-widget elementor-widget-button\" data-id=\"201176f1\" data-element_type=\"widget\" data-widget_type=\"button.default\">\n\t\t\t\t<div class=\"elementor-widget-container\">\n\t\t\t\t\t\t\t\t\t<div class=\"elementor-button-wrapper\">\n\t\t\t\t\t<a class=\"elementor-button elementor-button-link elementor-size-xs\" href=\"http:\/\/www.bsv-schloss-neuhaus.de\/sp\/links\/\">\n\t\t\t\t\t\t<span class=\"elementor-button-content-wrapper\">\n\t\t\t\t\t\t\t\t\t<span class=\"elementor-button-text\">Links<\/span>\n\t\t\t\t\t<\/span>\n\t\t\t\t\t<\/a>\n\t\t\t\t<\/div>\n\t\t\t\t\t\t\t\t<\/div>\n\t\t\t\t<\/div>\n\t\t\t\t\t<\/div>\n\t\t\t\t<\/div>\n\t\t\t\t\t<\/div>\n\t\t\t\t<\/div>\n\t\t\t\t<\/div>\n\t\t","protected":false},"excerpt":{"rendered":"<p>Kalender Schie\u00dfkeller reservieren \/ buchen? R\u00e4umlichkeiten buchen? &#8230; Kein Problem. Schreiben Sie uns an. Wir pr\u00fcfen, ob der Termin nicht mehrfach angefragt wurde und melden uns schnellstm\u00f6glich bei Ihnen zur\u00fcck. Kalender Schie\u00dfkeller reservieren \/ buchen? R\u00e4umlichkeiten buchen? &#8230; Kein Problem. Schreiben Sie uns an. Wir pr\u00fcfen, ob der Termin nicht mehrfach angefragt wurde und melden [&hellip;]<\/p>\n","protected":false},"author":1,"featured_media":0,"parent":0,"menu_order":0,"comment_status":"closed","ping_status":"closed","template":"","meta":{"ocean_post_layout":"full-screen","ocean_both_sidebars_style":"","ocean_both_sidebars_content_width":0,"ocean_both_sidebars_sidebars_width":0,"ocean_sidebar":"","ocean_second_sidebar":"","ocean_disable_margins":"enable","ocean_add_body_class":"","ocean_shortcode_before_top_bar":"","ocean_shortcode_after_top_bar":"","ocean_shortcode_before_header":"","ocean_shortcode_after_header":"","ocean_has_shortcode":"","ocean_shortcode_after_title":"","ocean_shortcode_before_footer_widgets":"","ocean_shortcode_after_footer_widgets":"","ocean_shortcode_before_footer_bottom":"","ocean_shortcode_after_footer_bottom":"","ocean_display_top_bar":"off","ocean_display_header":"default","ocean_header_style":"","ocean_center_header_left_menu":"","ocean_custom_header_template":"","ocean_custom_logo":0,"ocean_custom_retina_logo":0,"ocean_custom_logo_max_width":0,"ocean_custom_logo_tablet_max_width":0,"ocean_custom_logo_mobile_max_width":0,"ocean_custom_logo_max_height":0,"ocean_custom_logo_tablet_max_height":0,"ocean_custom_logo_mobile_max_height":0,"ocean_header_custom_menu":"","ocean_menu_typo_font_family":"","ocean_menu_typo_font_subset":"","ocean_menu_typo_font_size":0,"ocean_menu_typo_font_size_tablet":0,"ocean_menu_typo_font_size_mobile":0,"ocean_menu_typo_font_size_unit":"px","ocean_menu_typo_font_weight":"","ocean_menu_typo_font_weight_tablet":"","ocean_menu_typo_font_weight_mobile":"","ocean_menu_typo_transform":"","ocean_menu_typo_transform_tablet":"","ocean_menu_typo_transform_mobile":"","ocean_menu_typo_line_height":0,"ocean_menu_typo_line_height_tablet":0,"ocean_menu_typo_line_height_mobile":0,"ocean_menu_typo_line_height_unit":"","ocean_menu_typo_spacing":0,"ocean_menu_typo_spacing_tablet":0,"ocean_menu_typo_spacing_mobile":0,"ocean_menu_typo_spacing_unit":"","ocean_menu_link_color":"","ocean_menu_link_color_hover":"","ocean_menu_link_color_active":"","ocean_menu_link_background":"","ocean_menu_link_hover_background":"","ocean_menu_link_active_background":"","ocean_menu_social_links_bg":"","ocean_menu_social_hover_links_bg":"","ocean_menu_social_links_color":"","ocean_menu_social_hover_links_color":"","ocean_disable_title":"on","ocean_disable_heading":"default","ocean_post_title":"","ocean_post_subheading":"","ocean_post_title_style":"","ocean_post_title_background_color":"","ocean_post_title_background":0,"ocean_post_title_bg_image_position":"","ocean_post_title_bg_image_attachment":"","ocean_post_title_bg_image_repeat":"","ocean_post_title_bg_image_size":"","ocean_post_title_height":0,"ocean_post_title_bg_overlay":0.5,"ocean_post_title_bg_overlay_color":"","ocean_disable_breadcrumbs":"default","ocean_breadcrumbs_color":"","ocean_breadcrumbs_separator_color":"","ocean_breadcrumbs_links_color":"","ocean_breadcrumbs_links_hover_color":"","ocean_display_footer_widgets":"off","ocean_display_footer_bottom":"off","ocean_custom_footer_template":"","two_page_speed":{"previous_score":{"desktop_score":61,"desktop_tti":"4.7\u00a0","mobile_score":35,"mobile_tti":"21.1\u00a0","date":"09.11.2025 10:42:26 am","status":"completed"},"current_score":{"desktop_score":61,"desktop_tti":"2.5\u00a0","mobile_score":84,"mobile_tti":"9.6\u00a0","date":"09.11.2025 10:43:12 am","status":"completed"}},"footnotes":""},"class_list":["post-133","page","type-page","status-publish","hentry","entry"],"_links":{"self":[{"href":"http:\/\/www.bsv-schloss-neuhaus.de\/sp\/wp-json\/wp\/v2\/pages\/133","targetHints":{"allow":["GET"]}}],"collection":[{"href":"http:\/\/www.bsv-schloss-neuhaus.de\/sp\/wp-json\/wp\/v2\/pages"}],"about":[{"href":"http:\/\/www.bsv-schloss-neuhaus.de\/sp\/wp-json\/wp\/v2\/types\/page"}],"author":[{"embeddable":true,"href":"http:\/\/www.bsv-schloss-neuhaus.de\/sp\/wp-json\/wp\/v2\/users\/1"}],"replies":[{"embeddable":true,"href":"http:\/\/www.bsv-schloss-neuhaus.de\/sp\/wp-json\/wp\/v2\/comments?post=133"}],"version-history":[{"count":43,"href":"http:\/\/www.bsv-schloss-neuhaus.de\/sp\/wp-json\/wp\/v2\/pages\/133\/revisions"}],"predecessor-version":[{"id":832,"href":"http:\/\/www.bsv-schloss-neuhaus.de\/sp\/wp-json\/wp\/v2\/pages\/133\/revisions\/832"}],"wp:attachment":[{"href":"http:\/\/www.bsv-schloss-neuhaus.de\/sp\/wp-json\/wp\/v2\/media?parent=133"}],"curies":[{"name":"wp","href":"https:\/\/api.w.org\/{rel}","templated":true}]}}