{"id":131,"date":"2023-10-12T17:33:36","date_gmt":"2023-10-12T15:33:36","guid":{"rendered":"http:\/\/www.bsv-schloss-neuhaus.de\/sp\/?page_id=131"},"modified":"2025-11-09T11:37:28","modified_gmt":"2025-11-09T10:37:28","slug":"training","status":"publish","type":"page","link":"http:\/\/www.bsv-schloss-neuhaus.de\/sp\/training\/","title":{"rendered":"Training"},"content":{"rendered":"\t\t<div data-elementor-type=\"wp-page\" data-elementor-id=\"131\" class=\"elementor elementor-131\">\n\t\t\t\t<div class=\"elementor-element elementor-element-2491ecce e-flex e-con-boxed e-con e-parent\" data-id=\"2491ecce\" data-element_type=\"container\" data-settings=\"{&quot;background_background&quot;:&quot;classic&quot;}\">\n\t\t\t\t\t<div class=\"e-con-inner\">\n\t\t\t\t\t<\/div>\n\t\t\t\t<\/div>\n\t\t<div class=\"elementor-element elementor-element-296a9bd3 e-flex e-con-boxed e-con e-parent\" data-id=\"296a9bd3\" data-element_type=\"container\">\n\t\t\t\t\t<div class=\"e-con-inner\">\n\t\t\t\t<div class=\"elementor-element elementor-element-279381a7 elementor-widget elementor-widget-heading\" data-id=\"279381a7\" data-element_type=\"widget\" data-widget_type=\"heading.default\">\n\t\t\t\t<div class=\"elementor-widget-container\">\n\t\t\t\t\t<h2 class=\"elementor-heading-title elementor-size-default\">Unser Trainingsangebot<\/h2>\t\t\t\t<\/div>\n\t\t\t\t<\/div>\n\t\t\t\t\t<\/div>\n\t\t\t\t<\/div>\n\t\t<div class=\"elementor-element elementor-element-8133692 e-con-full e-flex e-con e-parent\" data-id=\"8133692\" data-element_type=\"container\">\n\t\t\t\t<div class=\"elementor-element elementor-element-114f436d elementor-widget elementor-widget-text-editor\" data-id=\"114f436d\" data-element_type=\"widget\" data-widget_type=\"text-editor.default\">\n\t\t\t\t<div class=\"elementor-widget-container\">\n\t\t\t\t\t\t\t\t\t<p>bei uns haben Sie die M\u00f6glichkeit verschiedene Waffengattungen zu probieren.<\/p><p>Vom Luftgewehr \u00fcber Luftpistole bis hin zum Kleinkaliber Gewehr&#8230;<\/p><p>Unsere erfahrenen Schie\u00dfleiter stehen Ihnen jederzeit gerne mit Tipps und Tricks zur Seite.<br \/>Schauen Sie einfach mal rein&#8230;<\/p>\t\t\t\t\t\t\t\t<\/div>\n\t\t\t\t<\/div>\n\t\t<div class=\"elementor-element elementor-element-0467f5a e-con-full e-flex e-con e-child\" data-id=\"0467f5a\" data-element_type=\"container\">\n\t\t\t\t<div class=\"elementor-element elementor-element-33b0092 elementor-widget__width-initial elementor-widget-mobile__width-inherit elementor-widget elementor-widget-text-editor\" data-id=\"33b0092\" data-element_type=\"widget\" data-widget_type=\"text-editor.default\">\n\t\t\t\t<div class=\"elementor-widget-container\">\n\t\t\t\t\t\t\t\t\t<p><span style=\"text-decoration: underline;\"><strong>Luftgewehr und Luftpistole<\/strong><\/span><\/p><p>Das Luftgewehr und -pistolen schie\u00dfen findet<br \/>im Schie\u00dfkeller im Schlo\u00df Neuhaus statt.<\/p><p><strong>Trainingszeiten:<\/strong><br \/>Dienstags, ab ca. 18:00 Uhr<\/p><p><strong>Anschrift:<\/strong><br \/>Residenzstr. 2<br \/>33104 Paderborn OT Schlo\u00df Neuhaus<\/p>\t\t\t\t\t\t\t\t<\/div>\n\t\t\t\t<\/div>\n\t\t\t\t<div class=\"elementor-element elementor-element-46da04b elementor-widget__width-initial elementor-widget-mobile__width-inherit elementor-widget elementor-widget-text-editor\" data-id=\"46da04b\" data-element_type=\"widget\" data-widget_type=\"text-editor.default\">\n\t\t\t\t<div class=\"elementor-widget-container\">\n\t\t\t\t\t\t\t\t\t<p><strong><span style=\"text-decoration: underline;\">Kleinkaliber Gewehr<\/span><br \/><\/strong><\/p><p>Das Kleinkaliber schie\u00dfen findet<br \/>auf dem Schie\u00dfstand in Sande (gegen\u00fcber vom Friedhof) statt.<\/p><p><strong>Trainingszeiten:<\/strong><br \/>Montags, ab ca. 18:30 Uhr<\/p><p><strong>Anschrift:<\/strong><br \/>Zum Barbrock (gegen\u00fcber vom Friedhof)<br \/>33106 Paderborn OT Sande<\/p>\t\t\t\t\t\t\t\t<\/div>\n\t\t\t\t<\/div>\n\t\t\t\t<\/div>\n\t\t\t\t<\/div>\n\t\t<div class=\"elementor-element elementor-element-4186ab6 e-flex e-con-boxed e-con e-parent\" data-id=\"4186ab6\" data-element_type=\"container\" data-settings=\"{&quot;background_background&quot;:&quot;classic&quot;}\">\n\t\t\t\t\t<div class=\"e-con-inner\">\n\t\t<div class=\"elementor-element elementor-element-2b88a093 e-flex e-con-boxed e-con e-child\" data-id=\"2b88a093\" data-element_type=\"container\">\n\t\t\t\t\t<div class=\"e-con-inner\">\n\t\t\t\t<div class=\"elementor-element elementor-element-77611a9e elementor-widget elementor-widget-text-editor\" data-id=\"77611a9e\" data-element_type=\"widget\" data-widget_type=\"text-editor.default\">\n\t\t\t\t<div class=\"elementor-widget-container\">\n\t\t\t\t\t\t\t\t\t<p><em><strong>Copyright \u00a9 2025<\/strong> &#8211;<\/em><br \/><em>Schie\u00dfsportabteilung &#8211; BSV Schlo\u00df Neuhaus 1913 e.V.<\/em><\/p>\t\t\t\t\t\t\t\t<\/div>\n\t\t\t\t<\/div>\n\t\t\t\t\t<\/div>\n\t\t\t\t<\/div>\n\t\t<div class=\"elementor-element elementor-element-53f68352 e-flex e-con-boxed e-con e-child\" data-id=\"53f68352\" data-element_type=\"container\">\n\t\t\t\t\t<div class=\"e-con-inner\">\n\t\t\t\t<div class=\"elementor-element elementor-element-722cda6 elementor-widget elementor-widget-wp-widget-ocean_social\" data-id=\"722cda6\" data-element_type=\"widget\" data-widget_type=\"wp-widget-ocean_social.default\">\n\t\t\t\t<div class=\"elementor-widget-container\">\n\t\t\t\t\t\r\n\t\t\t\t<ul class=\"oceanwp-social-icons no-transition style-light\">\r\n\t\t\t\t\t<li class=\"oceanwp-instagram\"><a href=\"https:\/\/www.instagram.com\/schiesssport_schloss_neuhaus\/\" aria-label=\"Instagram\"  target=\"_blank\" rel=\"noopener noreferrer\"><i class=\" fab fa-instagram\" aria-hidden=\"true\" role=\"img\"><\/i><\/a><span class=\"screen-reader-text\">Opens in a new tab<\/span><\/li>\t\t\t\t<\/ul>\r\n\r\n\t\t\t\t\r\n\t\t\t\r\n\t\t\r\n\t\t\t\t\t\t\t<\/div>\n\t\t\t\t<\/div>\n\t\t\t\t<div class=\"elementor-element elementor-element-31ea6fa elementor-widget elementor-widget-wp-widget-ocean_social\" data-id=\"31ea6fa\" data-element_type=\"widget\" data-widget_type=\"wp-widget-ocean_social.default\">\n\t\t\t\t<div class=\"elementor-widget-container\">\n\t\t\t\t\t\r\n\t\t\t\t<ul class=\"oceanwp-social-icons no-transition style-light\">\r\n\t\t\t\t\t<li class=\"oceanwp-facebook\"><a href=\"https:\/\/www.facebook.com\/profile.php?id=100070910481454\" aria-label=\"Facebook\"  target=\"_blank\" rel=\"noopener noreferrer\"><i class=\" fab fa-facebook\" aria-hidden=\"true\" role=\"img\"><\/i><\/a><span class=\"screen-reader-text\">Opens in a new tab<\/span><\/li>\t\t\t\t<\/ul>\r\n\r\n\t\t\t\t\r\n\t\t\t\r\n\t\t\r\n\t\t\t\t\t\t\t<\/div>\n\t\t\t\t<\/div>\n\t\t\t\t<div class=\"elementor-element elementor-element-1acff068 elementor-widget elementor-widget-button\" data-id=\"1acff068\" data-element_type=\"widget\" data-widget_type=\"button.default\">\n\t\t\t\t<div class=\"elementor-widget-container\">\n\t\t\t\t\t\t\t\t\t<div class=\"elementor-button-wrapper\">\n\t\t\t\t\t<a class=\"elementor-button elementor-button-link elementor-size-xs\" href=\"http:\/\/www.bsv-schloss-neuhaus.de\/sp\/impressum\/\">\n\t\t\t\t\t\t<span class=\"elementor-button-content-wrapper\">\n\t\t\t\t\t\t\t\t\t<span class=\"elementor-button-text\">Impressum<\/span>\n\t\t\t\t\t<\/span>\n\t\t\t\t\t<\/a>\n\t\t\t\t<\/div>\n\t\t\t\t\t\t\t\t<\/div>\n\t\t\t\t<\/div>\n\t\t\t\t<div class=\"elementor-element elementor-element-62f28702 elementor-widget elementor-widget-button\" data-id=\"62f28702\" data-element_type=\"widget\" data-widget_type=\"button.default\">\n\t\t\t\t<div class=\"elementor-widget-container\">\n\t\t\t\t\t\t\t\t\t<div class=\"elementor-button-wrapper\">\n\t\t\t\t\t<a class=\"elementor-button elementor-button-link elementor-size-xs\" href=\"http:\/\/www.bsv-schloss-neuhaus.de\/sp\/datenschutzerklaerung\/\">\n\t\t\t\t\t\t<span class=\"elementor-button-content-wrapper\">\n\t\t\t\t\t\t\t\t\t<span class=\"elementor-button-text\">Datenschutz<\/span>\n\t\t\t\t\t<\/span>\n\t\t\t\t\t<\/a>\n\t\t\t\t<\/div>\n\t\t\t\t\t\t\t\t<\/div>\n\t\t\t\t<\/div>\n\t\t\t\t<div class=\"elementor-element elementor-element-5396e19c elementor-widget elementor-widget-button\" data-id=\"5396e19c\" data-element_type=\"widget\" data-widget_type=\"button.default\">\n\t\t\t\t<div class=\"elementor-widget-container\">\n\t\t\t\t\t\t\t\t\t<div class=\"elementor-button-wrapper\">\n\t\t\t\t\t<a class=\"elementor-button elementor-button-link elementor-size-xs\" href=\"http:\/\/www.bsv-schloss-neuhaus.de\/sp\/links\/\">\n\t\t\t\t\t\t<span class=\"elementor-button-content-wrapper\">\n\t\t\t\t\t\t\t\t\t<span class=\"elementor-button-text\">Links<\/span>\n\t\t\t\t\t<\/span>\n\t\t\t\t\t<\/a>\n\t\t\t\t<\/div>\n\t\t\t\t\t\t\t\t<\/div>\n\t\t\t\t<\/div>\n\t\t\t\t\t<\/div>\n\t\t\t\t<\/div>\n\t\t\t\t\t<\/div>\n\t\t\t\t<\/div>\n\t\t<div class=\"elementor-element elementor-element-b0b2277 e-flex e-con-boxed e-con e-parent\" data-id=\"b0b2277\" data-element_type=\"container\">\n\t\t\t\t\t<div class=\"e-con-inner\">\n\t\t\t\t\t<\/div>\n\t\t\t\t<\/div>\n\t\t\t\t<\/div>\n\t\t","protected":false},"excerpt":{"rendered":"<p>Unser Trainingsangebot bei uns haben Sie die M\u00f6glichkeit verschiedene Waffengattungen zu probieren. Vom Luftgewehr \u00fcber Luftpistole bis hin zum Kleinkaliber Gewehr&#8230; Unsere erfahrenen Schie\u00dfleiter stehen Ihnen jederzeit gerne mit Tipps und Tricks zur Seite.Schauen Sie einfach mal rein&#8230; Luftgewehr und Luftpistole Das Luftgewehr und -pistolen schie\u00dfen findetim Schie\u00dfkeller im Schlo\u00df Neuhaus statt. Trainingszeiten:Dienstags, ab ca. [&hellip;]<\/p>\n","protected":false},"author":1,"featured_media":0,"parent":0,"menu_order":0,"comment_status":"closed","ping_status":"closed","template":"","meta":{"ocean_post_layout":"full-screen","ocean_both_sidebars_style":"","ocean_both_sidebars_content_width":0,"ocean_both_sidebars_sidebars_width":0,"ocean_sidebar":"","ocean_second_sidebar":"","ocean_disable_margins":"enable","ocean_add_body_class":"","ocean_shortcode_before_top_bar":"","ocean_shortcode_after_top_bar":"","ocean_shortcode_before_header":"","ocean_shortcode_after_header":"","ocean_has_shortcode":"","ocean_shortcode_after_title":"","ocean_shortcode_before_footer_widgets":"","ocean_shortcode_after_footer_widgets":"","ocean_shortcode_before_footer_bottom":"","ocean_shortcode_after_footer_bottom":"","ocean_display_top_bar":"off","ocean_display_header":"default","ocean_header_style":"","ocean_center_header_left_menu":"","ocean_custom_header_template":"","ocean_custom_logo":0,"ocean_custom_retina_logo":0,"ocean_custom_logo_max_width":0,"ocean_custom_logo_tablet_max_width":0,"ocean_custom_logo_mobile_max_width":0,"ocean_custom_logo_max_height":0,"ocean_custom_logo_tablet_max_height":0,"ocean_custom_logo_mobile_max_height":0,"ocean_header_custom_menu":"","ocean_menu_typo_font_family":"","ocean_menu_typo_font_subset":"","ocean_menu_typo_font_size":0,"ocean_menu_typo_font_size_tablet":0,"ocean_menu_typo_font_size_mobile":0,"ocean_menu_typo_font_size_unit":"px","ocean_menu_typo_font_weight":"","ocean_menu_typo_font_weight_tablet":"","ocean_menu_typo_font_weight_mobile":"","ocean_menu_typo_transform":"","ocean_menu_typo_transform_tablet":"","ocean_menu_typo_transform_mobile":"","ocean_menu_typo_line_height":0,"ocean_menu_typo_line_height_tablet":0,"ocean_menu_typo_line_height_mobile":0,"ocean_menu_typo_line_height_unit":"","ocean_menu_typo_spacing":0,"ocean_menu_typo_spacing_tablet":0,"ocean_menu_typo_spacing_mobile":0,"ocean_menu_typo_spacing_unit":"","ocean_menu_link_color":"","ocean_menu_link_color_hover":"","ocean_menu_link_color_active":"","ocean_menu_link_background":"","ocean_menu_link_hover_background":"","ocean_menu_link_active_background":"","ocean_menu_social_links_bg":"","ocean_menu_social_hover_links_bg":"","ocean_menu_social_links_color":"","ocean_menu_social_hover_links_color":"","ocean_disable_title":"on","ocean_disable_heading":"default","ocean_post_title":"","ocean_post_subheading":"","ocean_post_title_style":"","ocean_post_title_background_color":"","ocean_post_title_background":0,"ocean_post_title_bg_image_position":"","ocean_post_title_bg_image_attachment":"","ocean_post_title_bg_image_repeat":"","ocean_post_title_bg_image_size":"","ocean_post_title_height":0,"ocean_post_title_bg_overlay":0.5,"ocean_post_title_bg_overlay_color":"","ocean_disable_breadcrumbs":"default","ocean_breadcrumbs_color":"","ocean_breadcrumbs_separator_color":"","ocean_breadcrumbs_links_color":"","ocean_breadcrumbs_links_hover_color":"","ocean_display_footer_widgets":"off","ocean_display_footer_bottom":"off","ocean_custom_footer_template":"","two_page_speed":[],"footnotes":""},"class_list":["post-131","page","type-page","status-publish","hentry","entry"],"_links":{"self":[{"href":"http:\/\/www.bsv-schloss-neuhaus.de\/sp\/wp-json\/wp\/v2\/pages\/131","targetHints":{"allow":["GET"]}}],"collection":[{"href":"http:\/\/www.bsv-schloss-neuhaus.de\/sp\/wp-json\/wp\/v2\/pages"}],"about":[{"href":"http:\/\/www.bsv-schloss-neuhaus.de\/sp\/wp-json\/wp\/v2\/types\/page"}],"author":[{"embeddable":true,"href":"http:\/\/www.bsv-schloss-neuhaus.de\/sp\/wp-json\/wp\/v2\/users\/1"}],"replies":[{"embeddable":true,"href":"http:\/\/www.bsv-schloss-neuhaus.de\/sp\/wp-json\/wp\/v2\/comments?post=131"}],"version-history":[{"count":73,"href":"http:\/\/www.bsv-schloss-neuhaus.de\/sp\/wp-json\/wp\/v2\/pages\/131\/revisions"}],"predecessor-version":[{"id":844,"href":"http:\/\/www.bsv-schloss-neuhaus.de\/sp\/wp-json\/wp\/v2\/pages\/131\/revisions\/844"}],"wp:attachment":[{"href":"http:\/\/www.bsv-schloss-neuhaus.de\/sp\/wp-json\/wp\/v2\/media?parent=131"}],"curies":[{"name":"wp","href":"https:\/\/api.w.org\/{rel}","templated":true}]}}